{"id":929,"date":"2026-04-23T23:22:46","date_gmt":"2026-04-23T21:22:46","guid":{"rendered":"https:\/\/mnicstg.wpenginepowered.com\/whistleblowing\/"},"modified":"2026-05-05T14:28:52","modified_gmt":"2026-05-05T12:28:52","slug":"whistleblowing","status":"publish","type":"page","link":"https:\/\/molinonicoli.it\/en\/whistleblowing\/","title":{"rendered":"Whistleblowing"},"content":{"rendered":"\n<div class=\"wp-block-group has-secondary-600-background-color has-background has-global-padding is-layout-constrained wp-block-group-is-layout-constrained\">\n<div class=\"wp-block-cover is-light\" style=\"border-bottom-left-radius:24px;border-bottom-right-radius:24px;min-height:585px;aspect-ratio:unset;\"><img loading=\"lazy\" decoding=\"async\" width=\"1024\" height=\"683\" class=\"wp-block-cover__image-background wp-image-160 size-large\" alt=\"\" src=\"https:\/\/mnic.loc\/wp-content\/uploads\/2026\/04\/DSC00894-1024x683.jpg\" data-object-fit=\"cover\" srcset=\"https:\/\/molinonicoli.it\/wp-content\/uploads\/2026\/04\/DSC00894-1024x683.jpg 1024w, https:\/\/molinonicoli.it\/wp-content\/uploads\/2026\/04\/DSC00894-300x200.jpg 300w, https:\/\/molinonicoli.it\/wp-content\/uploads\/2026\/04\/DSC00894-768x512.jpg 768w, https:\/\/molinonicoli.it\/wp-content\/uploads\/2026\/04\/DSC00894-1536x1024.jpg 1536w, https:\/\/molinonicoli.it\/wp-content\/uploads\/2026\/04\/DSC00894-2048x1365.jpg 2048w\" sizes=\"auto, (max-width: 1024px) 100vw, 1024px\" \/><span aria-hidden=\"true\" class=\"wp-block-cover__background has-background-dim-0 has-background-dim\"><\/span><div class=\"wp-block-cover__inner-container has-global-padding is-layout-constrained wp-block-cover-is-layout-constrained\">\n<p><\/p>\n<\/div><\/div>\n<\/div>\n\n\n\n<div class=\"wp-block-group has-secondary-600-background-color has-background has-global-padding is-layout-constrained wp-container-core-group-is-layout-7c08035b wp-block-group-is-layout-constrained\" style=\"padding-top:var(--wp--preset--spacing--70);padding-right:var(--wp--preset--spacing--40);padding-bottom:var(--wp--preset--spacing--80);padding-left:var(--wp--preset--spacing--40)\">\n<div class=\"wp-block-buttons is-layout-flex wp-block-buttons-is-layout-flex\">\n<div class=\"wp-block-button is-style-mnic-primario-freccia-indietro\"><a class=\"wp-block-button__link has-primary-800-color has-text-color has-link-color wp-element-button\" href=\"https:\/\/mnic.loc\/\" target=\"_blank\" rel=\"noopener\">Torna alla home<\/a><\/div>\n<\/div>\n\n\n\n<div class=\"wp-block-columns is-layout-flex wp-container-core-columns-is-layout-28f84493 wp-block-columns-is-layout-flex\">\n<div class=\"wp-block-column is-layout-flow wp-container-core-column-is-layout-119bc444 wp-block-column-is-layout-flow\" style=\"flex-basis:60%\">\n<div class=\"wp-block-group is-nowrap is-layout-flex wp-container-core-group-is-layout-6c531013 wp-block-group-is-layout-flex\">\n<div class=\"wp-block-group has-border-color has-secondary-300-background-color has-background has-global-padding is-layout-constrained wp-container-core-group-is-layout-a68afbd1 wp-block-group-is-layout-constrained\" style=\"border-color:#E7CF8E;border-width:1px;border-top-left-radius:20px;border-top-right-radius:20px;border-bottom-left-radius:20px;border-bottom-right-radius:20px;padding-top:0.2rem;padding-right:var(--wp--preset--spacing--30);padding-bottom:0.2rem;padding-left:var(--wp--preset--spacing--30)\">\n<p class=\"has-body-s-font-size\">Codice Etico e Policy Whistleblowing<\/p>\n<\/div>\n<\/div>\n\n\n\n<h1 class=\"wp-block-heading has-h-2-font-size\">Impegno alla Trasparenza e alla Legalit\u00e0 di Molino Nicoli<\/h1>\n<\/div>\n\n\n\n<div class=\"wp-block-column is-layout-flow wp-block-column-is-layout-flow\" style=\"flex-basis:33.33%\"><\/div>\n<\/div>\n\n\n\n<div class=\"wp-block-columns is-layout-flex wp-container-core-columns-is-layout-7fc3d43a wp-block-columns-is-layout-flex\">\n<div class=\"wp-block-column is-layout-flow wp-container-core-column-is-layout-119bc444 wp-block-column-is-layout-flow\" style=\"flex-basis:60%\">\n<p>Molino Nicoli S.p.A. promuove una cultura aziendale fondata su comportamenti etici, integrit\u00e0 e responsabilit\u00e0.<br>In questo contesto, la Societ\u00e0 adotta un modello di Corporate Governance volto a prevenire la commissione di illeciti, garantendo un ambiente di lavoro sicuro e rispettoso, in cui ogni dipendente possa segnalare eventuali condotte scorrette in modo sereno e tutelato.<\/p>\n\n\n\n<p>Con l\u2019obiettivo di sostenere e rafforzare questi valori, Molino Nicoli ha introdotto la Policy Whistleblowing, parte integrante del proprio Modello di Organizzazione, Gestione e Controllo ai sensi del D. Lgs. 231\/2001. La Policy disciplina le modalit\u00e0 con cui dipendenti e terze parti possono segnalare, in modo riservato, qualsiasi comportamento \u2013 attivo o omissivo \u2013 che:\u2028<\/p>\n\n\n\n<ul class=\"wp-block-list\">\n<li>violi normative nazionali o dell\u2019Unione Europea;<\/li>\n\n\n\n<li>contrasti con i valori e principi espressi nel Codice Etico aziendale;<\/li>\n\n\n\n<li>configuri reati rilevanti ai sensi del D. Lgs. 231\/2001 o violazioni del<br>Modello 231;<\/li>\n\n\n\n<li>contravvenga alle procedure interne della Societ\u00e0.<\/li>\n<\/ul>\n\n\n\n<p>In ottemperanza al D. Lgs. 24\/2023, che recepisce la Direttiva UE 2019\/1937 in materia di whistleblowing, Molino Nicoli ha attivato canali di segnalazione dedicati, nel pieno rispetto dei requisiti di riservatezza e protezione previsti dalla normativa.<\/p>\n\n\n\n<p>Tutti i Destinatari della presente Policy sono pertanto invitati a segnalare tempestivamente eventuali illeciti tramite i canali ufficiali indicati, astenendosi dal gestire autonomamente verifiche o approfondimenti.<\/p>\n<\/div>\n\n\n\n<div class=\"wp-block-column is-layout-flow wp-block-column-is-layout-flow\" style=\"flex-basis:33.33%\">\n<div class=\"wp-block-group sticky has-secondary-300-background-color has-background has-global-padding is-layout-constrained wp-container-core-group-is-layout-0fee7581 wp-block-group-is-layout-constrained\" style=\"border-top-left-radius:36px;border-top-right-radius:36px;border-bottom-left-radius:36px;border-bottom-right-radius:36px;padding-top:var(--wp--preset--spacing--50);padding-right:var(--wp--preset--spacing--50);padding-bottom:var(--wp--preset--spacing--50);padding-left:var(--wp--preset--spacing--50)\">\n<p class=\"has-h-3-font-size\"><strong>Documenti:<\/strong><\/p>\n\n\n\n<div class=\"wp-block-group is-content-justification-space-between is-nowrap is-layout-flex wp-container-core-group-is-layout-cb46ffcb wp-block-group-is-layout-flex\">\n<p>Codice etico<\/p>\n\n\n<\/div>\n\n\n\n<div class=\"wp-block-group is-content-justification-space-between is-nowrap is-layout-flex wp-container-core-group-is-layout-cb46ffcb wp-block-group-is-layout-flex\">\n<p>Politiche di Sostenibilit\u00e0<\/p>\n\n\n<\/div>\n\n\n\n<div class=\"wp-block-group is-content-justification-space-between is-nowrap is-layout-flex wp-container-core-group-is-layout-cb46ffcb wp-block-group-is-layout-flex\">\n<p>Modello di Organizzazione, Gestione e Controllo<\/p>\n\n\n<\/div>\n\n\n\n<div class=\"wp-block-group is-content-justification-space-between is-nowrap is-layout-flex wp-container-core-group-is-layout-cb46ffcb wp-block-group-is-layout-flex\">\n<p>Carta delle Partnerships<\/p>\n\n\n<\/div>\n\n\n\n<div class=\"wp-block-group is-content-justification-space-between is-nowrap is-layout-flex wp-container-core-group-is-layout-cb46ffcb wp-block-group-is-layout-flex\">\n<p>Policy Whistleblowing<\/p>\n\n\n<\/div>\n\n\n\n<div class=\"wp-block-buttons is-layout-flex wp-block-buttons-is-layout-flex\" style=\"padding-top:var(--wp--preset--spacing--50)\">\n<div class=\"wp-block-button has-custom-width wp-block-button__width-100 is-style-mnic-primario\"><a class=\"wp-block-button__link wp-element-button\">Portale Whistleblowing<\/a><\/div>\n<\/div>\n<\/div>\n<\/div>\n<\/div>\n<\/div>\n","protected":false},"excerpt":{"rendered":"<p>Codice Etico e Policy Whistleblowing Impegno alla Trasparenza e alla Legalit\u00e0 di Molino Nicoli Molino Nicoli S.p.A. promuove una cultura aziendale fondata su comportamenti etici, integrit\u00e0 e responsabilit\u00e0.In questo contesto, la Societ\u00e0 adotta un modello di Corporate Governance volto a prevenire la commissione di illeciti, garantendo un ambiente di lavoro sicuro e rispettoso, in cui [&hellip;]<\/p>\n","protected":false},"author":1,"featured_media":0,"parent":0,"menu_order":0,"comment_status":"closed","ping_status":"closed","template":"","meta":{"footnotes":""},"class_list":["post-929","page","type-page","status-publish","hentry"],"_links":{"self":[{"href":"https:\/\/molinonicoli.it\/en\/wp-json\/wp\/v2\/pages\/929","targetHints":{"allow":["GET"]}}],"collection":[{"href":"https:\/\/molinonicoli.it\/en\/wp-json\/wp\/v2\/pages"}],"about":[{"href":"https:\/\/molinonicoli.it\/en\/wp-json\/wp\/v2\/types\/page"}],"author":[{"embeddable":true,"href":"https:\/\/molinonicoli.it\/en\/wp-json\/wp\/v2\/users\/1"}],"replies":[{"embeddable":true,"href":"https:\/\/molinonicoli.it\/en\/wp-json\/wp\/v2\/comments?post=929"}],"version-history":[{"count":0,"href":"https:\/\/molinonicoli.it\/en\/wp-json\/wp\/v2\/pages\/929\/revisions"}],"wp:attachment":[{"href":"https:\/\/molinonicoli.it\/en\/wp-json\/wp\/v2\/media?parent=929"}],"curies":[{"name":"wp","href":"https:\/\/api.w.org\/{rel}","templated":true}]}}